{"id":4283,"date":"2020-04-06T10:24:05","date_gmt":"2020-04-06T10:24:05","guid":{"rendered":"https:\/\/www.koinescrl.it\/?page_id=4283"},"modified":"2020-06-01T14:36:24","modified_gmt":"2020-06-01T14:36:24","slug":"home-company-3-2-3-2-2-2-2-2","status":"publish","type":"page","link":"https:\/\/www.koinescrl.it\/?page_id=4283","title":{"rendered":"002 Chi Siamo"},"content":{"rendered":"<p>{&#8220;main-title&#8221;:{&#8220;component&#8221;:&#8221;hc_title&#8221;,&#8221;id&#8221;:&#8221;main-title&#8221;,&#8221;subtitle&#8221;:&#8221;&#8221;,&#8221;title_content&#8221;:{&#8220;component&#8221;:&#8221;hc_title_empty&#8221;,&#8221;id&#8221;:&#8221;title-empty&#8221;},&#8221;title&#8221;:&#8221;002 Chi Siamo&#8221;},&#8221;section_33uVR&#8221;:{&#8220;component&#8221;:&#8221;hc_section&#8221;,&#8221;id&#8221;:&#8221;section_33uVR&#8221;,&#8221;section_width&#8221;:&#8221;&#8221;,&#8221;animation&#8221;:&#8221;&#8221;,&#8221;animation_time&#8221;:&#8221;&#8221;,&#8221;timeline_animation&#8221;:&#8221;&#8221;,&#8221;timeline_delay&#8221;:&#8221;&#8221;,&#8221;timeline_order&#8221;:&#8221;&#8221;,&#8221;vertical_row&#8221;:&#8221;&#8221;,&#8221;box_middle&#8221;:&#8221;&#8221;,&#8221;css_classes&#8221;:&#8221;section-bg-color &#8220;,&#8221;custom_css_classes&#8221;:&#8221;&#8221;,&#8221;custom_css_styles&#8221;:&#8221;background-color:#f5f5f5&#8243;,&#8221;section_content&#8221;:[{&#8220;component&#8221;:&#8221;hc_column&#8221;,&#8221;id&#8221;:&#8221;column_cuYnA&#8221;,&#8221;column_width&#8221;:&#8221;col-md-12&#8243;,&#8221;animation&#8221;:&#8221;fade-top&#8221;,&#8221;animation_time&#8221;:&#8221;1000&#8243;,&#8221;timeline_animation&#8221;:&#8221;false&#8221;,&#8221;timeline_delay&#8221;:&#8221;&#8221;,&#8221;timeline_order&#8221;:&#8221;&#8221;,&#8221;css_classes&#8221;:&#8221;white boxed &#8220;,&#8221;custom_css_classes&#8221;:&#8221;&#8221;,&#8221;custom_css_styles&#8221;:&#8221;&#8221;,&#8221;main_content&#8221;:[{&#8220;component&#8221;:&#8221;hc_title_tag&#8221;,&#8221;id&#8221;:&#8221;ujYYg&#8221;,&#8221;css_classes&#8221;:&#8221;&#8221;,&#8221;custom_css_classes&#8221;:&#8221;&#8221;,&#8221;custom_css_styles&#8221;:&#8221; text-align: center; &#8220;,&#8221;text&#8221;:&#8221;LA NOSTRA STORIA&#8221;,&#8221;tag&#8221;:&#8221;h2&#8243;},{&#8220;component&#8221;:&#8221;hc_text_block&#8221;,&#8221;id&#8221;:&#8221;ViljJ&#8221;,&#8221;css_classes&#8221;:&#8221;&#8221;,&#8221;custom_css_classes&#8221;:&#8221;&#8221;,&#8221;custom_css_styles&#8221;:&#8221;&#8221;,&#8221;content&#8221;:&#8221;Nata nel 1997 koin\u00e8, da piccola realt\u00e0, \u00e8 andata via via crescendo grazie alla qualit\u00e0 dei servizi offerti, annoverando sempre maggiori e prestigiosi clienti come Triennale di Milano, Museo Nazionale della Scienza e della Tecnica, Musei Civici del Comune di Milano, Biblioteche Civiche del Comune di Milano, Provincia di MIlano, Ordine Avvocati di Milano, Ordine dei Psicologi della Lombardia, Politecnico di Milano, Cosmit, Fondazione Arnaldo Pomodoro, Museo della Fotografia Contemporanea, Museo Poldi Pezzoli, Museo del Tessile di Busto Arsizio, Museo delle Storie di Bergamo e molti altri&#8230;&#8230;&#8221;}]},{&#8220;component&#8221;:&#8221;hc_column&#8221;,&#8221;id&#8221;:&#8221;column_5ZtkF&#8221;,&#8221;column_width&#8221;:&#8221;col-md-4&#8243;,&#8221;animation&#8221;:&#8221;&#8221;,&#8221;animation_time&#8221;:&#8221;&#8221;,&#8221;timeline_animation&#8221;:&#8221;&#8221;,&#8221;timeline_delay&#8221;:&#8221;&#8221;,&#8221;timeline_order&#8221;:&#8221;&#8221;,&#8221;css_classes&#8221;:&#8221;&#8221;,&#8221;custom_css_classes&#8221;:&#8221;&#8221;,&#8221;custom_css_styles&#8221;:&#8221;&#8221;,&#8221;main_content&#8221;:[{&#8220;component&#8221;:&#8221;hc_space&#8221;,&#8221;id&#8221;:&#8221;wqoz6&#8243;,&#8221;css_classes&#8221;:&#8221;&#8221;,&#8221;custom_css_classes&#8221;:&#8221;&#8221;,&#8221;custom_css_styles&#8221;:&#8221;&#8221;,&#8221;size&#8221;:&#8221;&#8221;},{&#8220;component&#8221;:&#8221;hc_content_box&#8221;,&#8221;id&#8221;:&#8221;y3fZb&#8221;,&#8221;css_classes&#8221;:&#8221;&#8221;,&#8221;custom_css_classes&#8221;:&#8221;&#8221;,&#8221;custom_css_styles&#8221;:&#8221;&#8221;,&#8221;image&#8221;:&#8221;&#8221;,&#8221;title&#8221;:&#8221;I NOSTRI VALORI&#8221;,&#8221;icon&#8221;:&#8221;im-geo3-star&#8221;,&#8221;icon_style&#8221;:&#8221;&#8221;,&#8221;icon_image&#8221;:&#8221;&#8221;,&#8221;box_style&#8221;:&#8221;side_icon&#8221;,&#8221;boxed&#8221;:false,&#8221;boxed_inverse&#8221;:false,&#8221;button_text&#8221;:&#8221;&#8221;,&#8221;extra_content&#8221;:&#8221;&#8221;,&#8221;text&#8221;:&#8221;Ventennale esperienza, professionalit\u00e0, riservatezza, disponibilit\u00e0, seriet\u00e0, affidabilit\u00e0. Siamo in grado di far fronte a qualsiasi emergenza. &#8220;,&#8221;link_type&#8221;:&#8221;classic&#8221;,&#8221;link&#8221;:&#8221;&#8221;,&#8221;lightbox_animation&#8221;:&#8221;&#8221;,&#8221;caption&#8221;:&#8221;&#8221;,&#8221;inner_caption&#8221;:false,&#8221;new_window&#8221;:false,&#8221;link_content&#8221;:[],&#8221;lightbox_size&#8221;:&#8221;&#8221;,&#8221;scrollbox&#8221;:false}]},{&#8220;component&#8221;:&#8221;hc_column&#8221;,&#8221;id&#8221;:&#8221;column_S94T1&#8243;,&#8221;column_width&#8221;:&#8221;col-md-4&#8243;,&#8221;animation&#8221;:&#8221;&#8221;,&#8221;animation_time&#8221;:&#8221;&#8221;,&#8221;timeline_animation&#8221;:&#8221;&#8221;,&#8221;timeline_delay&#8221;:&#8221;&#8221;,&#8221;timeline_order&#8221;:&#8221;&#8221;,&#8221;css_classes&#8221;:&#8221;&#8221;,&#8221;custom_css_classes&#8221;:&#8221;&#8221;,&#8221;custom_css_styles&#8221;:&#8221;&#8221;,&#8221;main_content&#8221;:[{&#8220;component&#8221;:&#8221;hc_space&#8221;,&#8221;id&#8221;:&#8221;yyrNz&#8221;,&#8221;css_classes&#8221;:&#8221;&#8221;,&#8221;custom_css_classes&#8221;:&#8221;&#8221;,&#8221;custom_css_styles&#8221;:&#8221;&#8221;,&#8221;size&#8221;:&#8221;&#8221;},{&#8220;component&#8221;:&#8221;hc_content_box&#8221;,&#8221;id&#8221;:&#8221;WShzX&#8221;,&#8221;css_classes&#8221;:&#8221;&#8221;,&#8221;custom_css_classes&#8221;:&#8221;&#8221;,&#8221;custom_css_styles&#8221;:&#8221;&#8221;,&#8221;image&#8221;:&#8221;&#8221;,&#8221;title&#8221;:&#8221;CERTIFICATI&#8221;,&#8221;icon&#8221;:&#8221;im-geo3-star&#8221;,&#8221;icon_style&#8221;:&#8221;&#8221;,&#8221;icon_image&#8221;:&#8221;&#8221;,&#8221;box_style&#8221;:&#8221;side_icon&#8221;,&#8221;boxed&#8221;:false,&#8221;boxed_inverse&#8221;:false,&#8221;button_text&#8221;:&#8221;&#8221;,&#8221;extra_content&#8221;:&#8221;&#8221;,&#8221;text&#8221;:&#8221;La nostra societ\u00e0 \u00e8 certificata ISO 9001-2015, ed \u00e8 registrata e abilitata per il mercato MEPA e la piattaforma SINTEL.&#8221;,&#8221;link_type&#8221;:&#8221;classic&#8221;,&#8221;link&#8221;:&#8221;&#8221;,&#8221;lightbox_animation&#8221;:&#8221;&#8221;,&#8221;caption&#8221;:&#8221;&#8221;,&#8221;inner_caption&#8221;:false,&#8221;new_window&#8221;:false,&#8221;link_content&#8221;:[],&#8221;lightbox_size&#8221;:&#8221;&#8221;,&#8221;scrollbox&#8221;:false},{&#8220;component&#8221;:&#8221;hc_button&#8221;,&#8221;id&#8221;:&#8221;O4ya4&#8243;,&#8221;css_classes&#8221;:&#8221;&#8221;,&#8221;custom_css_classes&#8221;:&#8221;&#8221;,&#8221;custom_css_styles&#8221;:&#8221;&#8221;,&#8221;icon&#8221;:&#8221;&#8221;,&#8221;style&#8221;:&#8221;link&#8221;,&#8221;size&#8221;:&#8221;btn-sm&#8221;,&#8221;position&#8221;:&#8221;center&#8221;,&#8221;animation&#8221;:true,&#8221;text&#8221;:&#8221;   APRI CERTIFICATO ISO 9001&#8243;,&#8221;link_type&#8221;:&#8221;classic&#8221;,&#8221;link&#8221;:&#8221;https:\/\/www.koinescrl.it\/wp-content\/uploads\/2016\/12\/Koine-carta_certificato__2019-agg-cambio-sede.pdf&#8221;,&#8221;lightbox_animation&#8221;:&#8221;&#8221;,&#8221;caption&#8221;:&#8221;&#8221;,&#8221;inner_caption&#8221;:false,&#8221;new_window&#8221;:true,&#8221;link_content&#8221;:[],&#8221;lightbox_size&#8221;:&#8221;&#8221;,&#8221;scrollbox&#8221;:false}]},{&#8220;component&#8221;:&#8221;hc_column&#8221;,&#8221;id&#8221;:&#8221;column_5SDvk&#8221;,&#8221;column_width&#8221;:&#8221;col-md-4&#8243;,&#8221;animation&#8221;:&#8221;&#8221;,&#8221;animation_time&#8221;:&#8221;&#8221;,&#8221;timeline_animation&#8221;:&#8221;&#8221;,&#8221;timeline_delay&#8221;:&#8221;&#8221;,&#8221;timeline_order&#8221;:&#8221;&#8221;,&#8221;css_classes&#8221;:&#8221;&#8221;,&#8221;custom_css_classes&#8221;:&#8221;&#8221;,&#8221;custom_css_styles&#8221;:&#8221;&#8221;,&#8221;main_content&#8221;:[{&#8220;component&#8221;:&#8221;hc_space&#8221;,&#8221;id&#8221;:&#8221;sFwzz&#8221;,&#8221;css_classes&#8221;:&#8221;&#8221;,&#8221;custom_css_classes&#8221;:&#8221;&#8221;,&#8221;custom_css_styles&#8221;:&#8221;&#8221;,&#8221;size&#8221;:&#8221;&#8221;},{&#8220;component&#8221;:&#8221;hc_content_box&#8221;,&#8221;id&#8221;:&#8221;qotq2&#8243;,&#8221;css_classes&#8221;:&#8221;&#8221;,&#8221;custom_css_classes&#8221;:&#8221;&#8221;,&#8221;custom_css_styles&#8221;:&#8221;&#8221;,&#8221;image&#8221;:&#8221;&#8221;,&#8221;title&#8221;:&#8221;ATTESTATI&#8221;,&#8221;icon&#8221;:&#8221;im-geo3-star&#8221;,&#8221;icon_style&#8221;:&#8221;&#8221;,&#8221;icon_image&#8221;:&#8221;&#8221;,&#8221;box_style&#8221;:&#8221;side_icon&#8221;,&#8221;boxed&#8221;:false,&#8221;boxed_inverse&#8221;:false,&#8221;button_text&#8221;:&#8221;&#8221;,&#8221;extra_content&#8221;:&#8221;&#8221;,&#8221;text&#8221;:&#8221;Il personale \u00e8 formato periodicamente ed \u00e8 in possesso di attestati antincendio e primo soccorso&#8221;,&#8221;link_type&#8221;:&#8221;classic&#8221;,&#8221;link&#8221;:&#8221;&#8221;,&#8221;lightbox_animation&#8221;:&#8221;&#8221;,&#8221;caption&#8221;:&#8221;&#8221;,&#8221;inner_caption&#8221;:false,&#8221;new_window&#8221;:false,&#8221;link_content&#8221;:[],&#8221;lightbox_size&#8221;:&#8221;&#8221;,&#8221;scrollbox&#8221;:false}]}],&#8221;section_settings&#8221;:&#8221;&#8221;},&#8221;scripts&#8221;:{},&#8221;css&#8221;:{&#8220;content_box&#8221;:&#8221;css\/content-box.css&#8221;},&#8221;css_page&#8221;:&#8221;&#8221;,&#8221;template_setting&#8221;:{&#8220;settings&#8221;:{&#8220;id&#8221;:&#8221;settings&#8221;}},&#8221;template_setting_top&#8221;:{},&#8221;page_setting&#8221;:{&#8220;settings&#8221;:[&#8220;lock-mode-off&#8221;]}}<\/p>\n","protected":false},"excerpt":{"rendered":"<p>{&#8220;main-title&#8221;:{&#8220;component&#8221;:&#8221;hc_title&#8221;,&#8221;id&#8221;:&#8221;main-title&#8221;,&#8221;subtitle&#8221;:&#8221;&#8221;,&#8221;title_content&#8221;:{&#8220;component&#8221;:&#8221;hc_title_empty&#8221;,&#8221;id&#8221;:&#8221;title-empty&#8221;},&#8221;title&#8221;:&#8221;002 Chi Siamo&#8221;},&#8221;section_33uVR&#8221;:{&#8220;component&#8221;:&#8221;hc_section&#8221;,&#8221;id&#8221;:&#8221;section_33uVR&#8221;,&#8221;section_width&#8221;:&#8221;&#8221;,&#8221;animation&#8221;:&#8221;&#8221;,&#8221;animation_time&#8221;:&#8221;&#8221;,&#8221;timeline_animation&#8221;:&#8221;&#8221;,&#8221;timeline_delay&#8221;:&#8221;&#8221;,&#8221;timeline_order&#8221;:&#8221;&#8221;,&#8221;vertical_row&#8221;:&#8221;&#8221;,&#8221;box_middle&#8221;:&#8221;&#8221;,&#8221;css_classes&#8221;:&#8221;section-bg-color &#8220;,&#8221;custom_css_classes&#8221;:&#8221;&#8221;,&#8221;custom_css_styles&#8221;:&#8221;background-color:#f5f5f5&#8243;,&#8221;section_content&#8221;:[{&#8220;component&#8221;:&#8221;hc_column&#8221;,&#8221;id&#8221;:&#8221;column_cuYnA&#8221;,&#8221;column_width&#8221;:&#8221;col-md-12&#8243;,&#8221;animation&#8221;:&#8221;fade-top&#8221;,&#8221;animation_time&#8221;:&#8221;1000&#8243;,&#8221;timeline_animation&#8221;:&#8221;false&#8221;,&#8221;timeline_delay&#8221;:&#8221;&#8221;,&#8221;timeline_order&#8221;:&#8221;&#8221;,&#8221;css_classes&#8221;:&#8221;white boxed &#8220;,&#8221;custom_css_classes&#8221;:&#8221;&#8221;,&#8221;custom_css_styles&#8221;:&#8221;&#8221;,&#8221;main_content&#8221;:[{&#8220;component&#8221;:&#8221;hc_title_tag&#8221;,&#8221;id&#8221;:&#8221;ujYYg&#8221;,&#8221;css_classes&#8221;:&#8221;&#8221;,&#8221;custom_css_classes&#8221;:&#8221;&#8221;,&#8221;custom_css_styles&#8221;:&#8221; text-align: center; &#8220;,&#8221;text&#8221;:&#8221;LA NOSTRA STORIA&#8221;,&#8221;tag&#8221;:&#8221;h2&#8243;},{&#8220;component&#8221;:&#8221;hc_text_block&#8221;,&#8221;id&#8221;:&#8221;ViljJ&#8221;,&#8221;css_classes&#8221;:&#8221;&#8221;,&#8221;custom_css_classes&#8221;:&#8221;&#8221;,&#8221;custom_css_styles&#8221;:&#8221;&#8221;,&#8221;content&#8221;:&#8221;Nata nel 1997 koin\u00e8, da piccola realt\u00e0, \u00e8 andata via via crescendo grazie alla qualit\u00e0 dei servizi offerti, annoverando sempre maggiori e prestigiosi clienti come Triennale di Milano, Museo Nazionale della Scienza e della Tecnica, Musei Civici del Comune di Milano, Biblioteche Civiche del Comune [&hellip;]<\/p>\n","protected":false},"author":1,"featured_media":0,"parent":0,"menu_order":0,"comment_status":"closed","ping_status":"closed","template":"","meta":{"footnotes":""},"class_list":["post-4283","page","type-page","status-publish","hentry"],"_links":{"self":[{"href":"https:\/\/www.koinescrl.it\/index.php?rest_route=\/wp\/v2\/pages\/4283","targetHints":{"allow":["GET"]}}],"collection":[{"href":"https:\/\/www.koinescrl.it\/index.php?rest_route=\/wp\/v2\/pages"}],"about":[{"href":"https:\/\/www.koinescrl.it\/index.php?rest_route=\/wp\/v2\/types\/page"}],"author":[{"embeddable":true,"href":"https:\/\/www.koinescrl.it\/index.php?rest_route=\/wp\/v2\/users\/1"}],"replies":[{"embeddable":true,"href":"https:\/\/www.koinescrl.it\/index.php?rest_route=%2Fwp%2Fv2%2Fcomments&post=4283"}],"version-history":[{"count":5,"href":"https:\/\/www.koinescrl.it\/index.php?rest_route=\/wp\/v2\/pages\/4283\/revisions"}],"predecessor-version":[{"id":4721,"href":"https:\/\/www.koinescrl.it\/index.php?rest_route=\/wp\/v2\/pages\/4283\/revisions\/4721"}],"wp:attachment":[{"href":"https:\/\/www.koinescrl.it\/index.php?rest_route=%2Fwp%2Fv2%2Fmedia&parent=4283"}],"curies":[{"name":"wp","href":"https:\/\/api.w.org\/{rel}","templated":true}]}}